{"id":29121,"date":"2020-04-15T17:28:52","date_gmt":"2020-04-15T15:28:52","guid":{"rendered":"http:\/\/www.airicom.capteranalyser.fr\/blog\/?page_id=29121"},"modified":"2021-11-24T16:08:31","modified_gmt":"2021-11-24T15:08:31","slug":"nos-realisations-iot","status":"publish","type":"page","link":"https:\/\/www.airicom.com\/blog\/nos-realisations-iot\/","title":{"rendered":"Applications IoT et M2M"},"content":{"rendered":"<p>[et_pb_section fb_built=&#8221;1&#8243; fullwidth=&#8221;on&#8221; admin_label=&#8221;Section&#8221; _builder_version=&#8221;4.4.8&#8243; height=&#8221;300px&#8221; custom_padding=&#8221;0px|0px|0px|0px&#8221; transparent_background=&#8221;off&#8221; make_fullwidth=&#8221;off&#8221; use_custom_width=&#8221;off&#8221; width_unit=&#8221;off&#8221; custom_width_px=&#8221;1080px&#8221; custom_width_percent=&#8221;80{082374b683b28bd34a5c2ef0d9e40f1422ec3fd96216b606a87fb8a8b6dde505}&#8221;][et_pb_fullwidth_slider admin_label=&#8221;Curseur de d\u00e9filement plein \u00e9cran&#8221; _builder_version=&#8221;4.4.8&#8243; header_font_size=&#8221;44px&#8221; background_enable_color=&#8221;off&#8221; background_enable_image=&#8221;off&#8221; background_enable_video_mp4=&#8221;off&#8221; min_height=&#8221;299px&#8221; custom_margin=&#8221;||13px|||&#8221; custom_padding=&#8221;60px||30px|||&#8221; custom_padding_tablet=&#8221;|||&#8221; custom_padding_phone=&#8221;|||&#8221; filter_brightness=&#8221;169%&#8221; filter_opacity=&#8221;80%&#8221; remove_inner_shadow=&#8221;on&#8221; hide_content_on_mobile=&#8221;off&#8221; hide_cta_on_mobile=&#8221;off&#8221; show_inner_shadow=&#8221;off&#8221; button_letter_spacing_hover=&#8221;0&#8243; button_text_size__hover_enabled=&#8221;off&#8221; button_one_text_size__hover_enabled=&#8221;off&#8221; button_two_text_size__hover_enabled=&#8221;off&#8221; button_text_color__hover_enabled=&#8221;off&#8221; button_one_text_color__hover_enabled=&#8221;off&#8221; button_two_text_color__hover_enabled=&#8221;off&#8221; button_border_width__hover_enabled=&#8221;off&#8221; button_one_border_width__hover_enabled=&#8221;off&#8221; button_two_border_width__hover_enabled=&#8221;off&#8221; button_border_color__hover_enabled=&#8221;off&#8221; button_one_border_color__hover_enabled=&#8221;off&#8221; button_two_border_color__hover_enabled=&#8221;off&#8221; button_border_radius__hover_enabled=&#8221;off&#8221; button_one_border_radius__hover_enabled=&#8221;off&#8221; button_two_border_radius__hover_enabled=&#8221;off&#8221; button_letter_spacing__hover_enabled=&#8221;on&#8221; button_letter_spacing__hover=&#8221;0&#8243; button_one_letter_spacing__hover_enabled=&#8221;off&#8221; button_two_letter_spacing__hover_enabled=&#8221;off&#8221; button_bg_color__hover_enabled=&#8221;off&#8221; button_one_bg_color__hover_enabled=&#8221;off&#8221; button_two_bg_color__hover_enabled=&#8221;off&#8221;][et_pb_slide heading=&#8221;Applications IoT M2M&#8221; button_text=&#8221;Vous avez un projet ? Contactez -nous.&#8221; button_link=&#8221;\/nous-contacter&#8221; use_bg_overlay=&#8221;on&#8221; bg_overlay_color=&#8221;rgba(0,0,0,0.5)&#8221; use_text_overlay=&#8221;off&#8221; _builder_version=&#8221;4.4.8&#8243; header_font=&#8221;||||&#8221; header_font_size=&#8221;88px&#8221; body_font=&#8221;||||&#8221; body_line_height=&#8221;1.5em&#8221; background_color=&#8221;#000000&#8243; background_image=&#8221;https:\/\/airicom.com\/blog\/wp-content\/uploads\/2020\/04\/frozen-food-1336013_1920-1.jpg&#8221; background_enable_image=&#8221;on&#8221; custom_button=&#8221;on&#8221; button_text_size=&#8221;16&#8243; button_text_color=&#8221;#ffffff&#8221; button_border_color=&#8221;#ffffff&#8221; button_font=&#8221;||||&#8221; button_use_icon=&#8221;off&#8221; child_filter_saturate=&#8221;115{082374b683b28bd34a5c2ef0d9e40f1422ec3fd96216b606a87fb8a8b6dde505}&#8221; child_filter_brightness=&#8221;20{082374b683b28bd34a5c2ef0d9e40f1422ec3fd96216b606a87fb8a8b6dde505}&#8221; child_filter_invert=&#8221;22{082374b683b28bd34a5c2ef0d9e40f1422ec3fd96216b606a87fb8a8b6dde505}&#8221; link_option_url=&#8221;\/nous-contacter&#8221; header_font_size_tablet=&#8221;66px&#8221; header_font_size_phone=&#8221;33px&#8221; header_font_size_last_edited=&#8221;on|desktop&#8221; body_font_size_tablet=&#8221;&#8221; body_font_size_phone=&#8221;&#8221; body_font_size_last_edited=&#8221;on|phone&#8221; button_text_size_tablet=&#8221;16&#8243; button_text_size_phone=&#8221;16&#8243; button_text_color_hover=&#8221;#666666&#8243; button_bg_color_hover=&#8221;#ffffff&#8221; button_text_size__hover_enabled=&#8221;off&#8221; button_one_text_size__hover_enabled=&#8221;off&#8221; button_two_text_size__hover_enabled=&#8221;off&#8221; button_text_color__hover_enabled=&#8221;on&#8221; button_text_color__hover=&#8221;#666666&#8243; button_one_text_color__hover_enabled=&#8221;off&#8221; button_two_text_color__hover_enabled=&#8221;off&#8221; button_border_width__hover_enabled=&#8221;off&#8221; button_one_border_width__hover_enabled=&#8221;off&#8221; button_two_border_width__hover_enabled=&#8221;off&#8221; button_border_color__hover_enabled=&#8221;off&#8221; button_one_border_color__hover_enabled=&#8221;off&#8221; button_two_border_color__hover_enabled=&#8221;off&#8221; button_border_radius__hover_enabled=&#8221;off&#8221; button_one_border_radius__hover_enabled=&#8221;off&#8221; button_two_border_radius__hover_enabled=&#8221;off&#8221; button_letter_spacing__hover_enabled=&#8221;off&#8221; button_one_letter_spacing__hover_enabled=&#8221;off&#8221; button_two_letter_spacing__hover_enabled=&#8221;off&#8221; button_bg_color__hover_enabled=&#8221;on&#8221; button_bg_color__hover=&#8221;#ffffff&#8221; button_one_bg_color__hover_enabled=&#8221;off&#8221; button_two_bg_color__hover_enabled=&#8221;off&#8221; sticky_transition=&#8221;on&#8221;]<\/p>\n<p style=\"text-align: center;\">\u00a0Depuis 15 ans l&#8217;IoT nous aide \u00e0 mieux g\u00e9rer nos ressources<\/p>\n<p>[\/et_pb_slide][\/et_pb_fullwidth_slider][\/et_pb_section][et_pb_section fb_built=&#8221;1&#8243; _builder_version=&#8221;4.4.8&#8243; transparent_background=&#8221;off&#8221; make_fullwidth=&#8221;off&#8221; use_custom_width=&#8221;off&#8221; width_unit=&#8221;off&#8221; custom_width_px=&#8221;1080px&#8221; custom_width_percent=&#8221;80{082374b683b28bd34a5c2ef0d9e40f1422ec3fd96216b606a87fb8a8b6dde505}&#8221;][et_pb_row column_structure=&#8221;1_4,1_4,1_4,1_4&#8243; use_custom_gutter=&#8221;on&#8221; module_class=&#8221; et_pb_row_fullwidth&#8221; _builder_version=&#8221;4.9.10&#8243; background_size=&#8221;initial&#8221; background_position=&#8221;top_left&#8221; background_repeat=&#8221;repeat&#8221; width=&#8221;89{082374b683b28bd34a5c2ef0d9e40f1422ec3fd96216b606a87fb8a8b6dde505}&#8221; width_tablet=&#8221;80{082374b683b28bd34a5c2ef0d9e40f1422ec3fd96216b606a87fb8a8b6dde505}&#8221; width_phone=&#8221;&#8221; width_last_edited=&#8221;on|desktop&#8221; max_width=&#8221;89{082374b683b28bd34a5c2ef0d9e40f1422ec3fd96216b606a87fb8a8b6dde505}&#8221; max_width_tablet=&#8221;80{082374b683b28bd34a5c2ef0d9e40f1422ec3fd96216b606a87fb8a8b6dde505}&#8221; max_width_phone=&#8221;&#8221; max_width_last_edited=&#8221;on|desktop&#8221; custom_padding=&#8221;0px|0px|0px|0px&#8221; make_fullwidth=&#8221;on&#8221; use_custom_width=&#8221;off&#8221; width_unit=&#8221;off&#8221; custom_width_px=&#8221;1080px&#8221; custom_width_percent=&#8221;80{082374b683b28bd34a5c2ef0d9e40f1422ec3fd96216b606a87fb8a8b6dde505}&#8221;][et_pb_column type=&#8221;1_4&#8243; _builder_version=&#8221;4.4.2&#8243; custom_padding=&#8221;|||&#8221; custom_padding__hover=&#8221;|||&#8221;][et_pb_cta title=&#8221;SANTE&#8221; button_url=&#8221;https:\/\/airicom.com\/blog\/category\/applications-en\/sante\/&#8221; button_text=&#8221;Je clique&#8221; admin_label=&#8221;Texte avec lien vers cat\u00e9gorie&#8221; _builder_version=&#8221;4.4.2&#8243; header_font_size=&#8221;20px&#8221; height=&#8221;250px&#8221; max_height=&#8221;250px&#8221; custom_padding=&#8221;|30px||||&#8221; link_option_url=&#8221;https:\/\/airicom.com\/blog\/category\/applications-en\/sante\/&#8221;]<\/p>\n<p>Localisation de mat\u00e9riels, de patients, bouton d&#8217;appel, prise de m\u00e9dicaments<\/p>\n<p>[\/et_pb_cta][et_pb_cta title=&#8221;INDUSTRIE&#8221; button_url=&#8221;\/blog\/category\/applications-en\/iot-industrie\/&#8221; button_text=&#8221;Je clique&#8221; admin_label=&#8221;Texte avec lien vers cat\u00e9gorie&#8221; _builder_version=&#8221;4.5.2&#8243; header_font_size=&#8221;20px&#8221; background_color=&#8221;#1f7c0c&#8221; height=&#8221;250px&#8221; custom_padding=&#8221;|30px||||&#8221; link_option_url=&#8221;\/blog\/category\/applications-en\/iot-industrie\/&#8221;]<\/p>\n<p>G\u00e9olocalisation d&#8217;\u00e9quipements, maintenance, acc\u00e9s distant<\/p>\n<p>[\/et_pb_cta][\/et_pb_column][et_pb_column type=&#8221;1_4&#8243; _builder_version=&#8221;4.4.2&#8243;][et_pb_cta title=&#8221;BATIMENT&#8221; button_url=&#8221;\/blog\/category\/applications-en\/batiment\/&#8221; button_text=&#8221;Je clique&#8221; admin_label=&#8221;Texte avec lien vers cat\u00e9gorie&#8221; _builder_version=&#8221;4.4.8&#8243; header_font_size=&#8221;20px&#8221; background_color=&#8221;#1f7c0c&#8221; height=&#8221;250px&#8221; link_option_url=&#8221;\/blog\/category\/applications-en\/batiment\/&#8221;]<\/p>\n<p>Chauffage, climatisation, pr\u00e9sence, \u00e9nergie, alerte maintenance<\/p>\n<p>[\/et_pb_cta][et_pb_cta title=&#8221;TRANSPORT&#8221; button_url=&#8221;\/blog\/category\/applications-en\/transport&#8221; button_text=&#8221;Je clique&#8221; admin_label=&#8221;Texte avec lien vers cat\u00e9gorie&#8221; _builder_version=&#8221;4.4.8&#8243; header_font_size=&#8221;20px&#8221; height=&#8221;250px&#8221; link_option_url=&#8221;\/blog\/category\/applications-en\/transport\/&#8221;]<\/p>\n<p>Vol de cat\u00e9naire, fermeture des passages \u00e0 niveau, surveillance..<\/p>\n<p>[\/et_pb_cta][\/et_pb_column][et_pb_column type=&#8221;1_4&#8243; _builder_version=&#8221;4.4.2&#8243; custom_padding=&#8221;|||&#8221; custom_padding__hover=&#8221;|||&#8221;][et_pb_cta title=&#8221;AGRICULTURE&#8221; button_url=&#8221;\/blog\/category\/applications-en\/agriculture\/&#8221; button_text=&#8221;Je clique&#8221; _builder_version=&#8221;4.4.2&#8243; header_font_size=&#8221;20px&#8221; height=&#8221;250px&#8221; custom_padding=&#8221;||64px|||&#8221; link_option_url=&#8221;\/blog\/category\/applications-en\/agriculture\/&#8221;]<\/p>\n<p>Pr\u00e9cipitations, temp\u00e9rature, hygrom\u00e9trie, pression<\/p>\n<p>[\/et_pb_cta][et_pb_cta title=&#8221;AGRICULTURE&#8221; button_url=&#8221;\/blog\/category\/applications-en\/agriculture\/&#8221; button_text=&#8221;Je clique&#8221; _builder_version=&#8221;4.5.2&#8243; header_font_size=&#8221;20px&#8221; background_color=&#8221;#1f7c0c&#8221; height=&#8221;250px&#8221; custom_padding=&#8221;||64px|||&#8221; link_option_url=&#8221;\/blog\/category\/applications-en\/agriculture\/&#8221;]<\/p>\n<p>Pr\u00e9cipitations, temp\u00e9rature, hygrom\u00e9trie, pression<\/p>\n<p>[\/et_pb_cta][\/et_pb_column][et_pb_column type=&#8221;1_4&#8243; _builder_version=&#8221;4.9.10&#8243; _module_preset=&#8221;default&#8221;][et_pb_cta title=&#8221;COLLECTIVITES&#8221; button_url=&#8221;\/blog\/nos-realisations-iot\/application-iot-commune-collectivite&#8221; button_text=&#8221;Je clique&#8221; _builder_version=&#8221;4.5.2&#8243; header_font_size=&#8221;20px&#8221; background_color=&#8221;#1f7c0c&#8221; height=&#8221;250px&#8221; custom_padding=&#8221;||64px|||&#8221; link_option_url=&#8221;\/blog\/nos-realisations-iot\/application-iot-commune-collectivite&#8221;]<\/p>\n<p>Economie eau et \u00e9nergie, contr\u00f4le qualit\u00e9 air, gestion b\u00e2tiement..<\/p>\n<p>[\/et_pb_cta][et_pb_cta title=&#8221;AGRO-ALIMENTAIRE&#8221; button_url=&#8221;https:\/\/airicom.com\/blog\/category\/applications-en\/agro-alimentaire\/&#8221; button_text=&#8221;Je clique&#8221; _builder_version=&#8221;4.9.10&#8243; header_font_size=&#8221;20px&#8221; height=&#8221;250px&#8221; custom_padding=&#8221;||64px|||&#8221; link_option_url=&#8221;https:\/\/airicom.com\/blog\/category\/applications-en\/agro-alimentaire\/&#8221; hover_enabled=&#8221;0&#8243; sticky_enabled=&#8221;0&#8243;]<\/p>\n<p>Temp\u00e9rature, maintenance, contr\u00f4le<\/p>\n<p>[\/et_pb_cta][\/et_pb_column][\/et_pb_row][et_pb_row column_structure=&#8221;1_3,1_3,1_3&#8243; use_custom_gutter=&#8221;on&#8221; module_class=&#8221; et_pb_row_fullwidth&#8221; _builder_version=&#8221;4.4.2&#8243; background_size=&#8221;initial&#8221; background_position=&#8221;top_left&#8221; background_repeat=&#8221;repeat&#8221; width=&#8221;89{082374b683b28bd34a5c2ef0d9e40f1422ec3fd96216b606a87fb8a8b6dde505}&#8221; width_tablet=&#8221;80{082374b683b28bd34a5c2ef0d9e40f1422ec3fd96216b606a87fb8a8b6dde505}&#8221; width_phone=&#8221;&#8221; width_last_edited=&#8221;on|desktop&#8221; max_width=&#8221;89{082374b683b28bd34a5c2ef0d9e40f1422ec3fd96216b606a87fb8a8b6dde505}&#8221; max_width_tablet=&#8221;80{082374b683b28bd34a5c2ef0d9e40f1422ec3fd96216b606a87fb8a8b6dde505}&#8221; max_width_phone=&#8221;&#8221; max_width_last_edited=&#8221;on|desktop&#8221; custom_padding=&#8221;0px|0px|0px|0px&#8221; make_fullwidth=&#8221;on&#8221; use_custom_width=&#8221;off&#8221; width_unit=&#8221;off&#8221; custom_width_px=&#8221;1080px&#8221; custom_width_percent=&#8221;80{082374b683b28bd34a5c2ef0d9e40f1422ec3fd96216b606a87fb8a8b6dde505}&#8221;][et_pb_column type=&#8221;1_3&#8243; _builder_version=&#8221;4.4.2&#8243; custom_padding=&#8221;|||&#8221; custom_padding__hover=&#8221;|||&#8221;][\/et_pb_column][et_pb_column type=&#8221;1_3&#8243; _builder_version=&#8221;4.4.2&#8243;][\/et_pb_column][et_pb_column type=&#8221;1_3&#8243; _builder_version=&#8221;4.4.2&#8243; custom_padding=&#8221;|||&#8221; custom_padding__hover=&#8221;|||&#8221;][\/et_pb_column][\/et_pb_row][\/et_pb_section][et_pb_section fb_built=&#8221;1&#8243; _builder_version=&#8221;3.22&#8243; min_height=&#8221;1253px&#8221; transparent_background=&#8221;off&#8221; make_fullwidth=&#8221;off&#8221; use_custom_width=&#8221;off&#8221; width_unit=&#8221;off&#8221; custom_width_px=&#8221;1080px&#8221; custom_width_percent=&#8221;80{082374b683b28bd34a5c2ef0d9e40f1422ec3fd96216b606a87fb8a8b6dde505}&#8221;][et_pb_row use_custom_gutter=&#8221;on&#8221; module_class=&#8221; et_pb_row_fullwidth&#8221; _builder_version=&#8221;4.4.2&#8243; background_size=&#8221;initial&#8221; background_position=&#8221;top_left&#8221; background_repeat=&#8221;repeat&#8221; width=&#8221;89{082374b683b28bd34a5c2ef0d9e40f1422ec3fd96216b606a87fb8a8b6dde505}&#8221; width_tablet=&#8221;80{082374b683b28bd34a5c2ef0d9e40f1422ec3fd96216b606a87fb8a8b6dde505}&#8221; width_phone=&#8221;&#8221; width_last_edited=&#8221;on|desktop&#8221; max_width=&#8221;89{082374b683b28bd34a5c2ef0d9e40f1422ec3fd96216b606a87fb8a8b6dde505}&#8221; max_width_tablet=&#8221;80{082374b683b28bd34a5c2ef0d9e40f1422ec3fd96216b606a87fb8a8b6dde505}&#8221; max_width_phone=&#8221;&#8221; max_width_last_edited=&#8221;on|desktop&#8221; custom_padding=&#8221;0px|0px|0px|0px&#8221; make_fullwidth=&#8221;on&#8221; use_custom_width=&#8221;off&#8221; width_unit=&#8221;off&#8221; custom_width_px=&#8221;1080px&#8221; custom_width_percent=&#8221;80{082374b683b28bd34a5c2ef0d9e40f1422ec3fd96216b606a87fb8a8b6dde505}&#8221;][et_pb_column type=&#8221;4_4&#8243; _builder_version=&#8221;4.4.2&#8243; custom_padding=&#8221;|||&#8221; custom_padding__hover=&#8221;|||&#8221;][et_pb_blog fullwidth=&#8221;off&#8221; posts_number=&#8221;6&#8243; include_categories=&#8221;56&#8243; excerpt_length=&#8221;100&#8243; show_author=&#8221;off&#8221; show_categories=&#8221;off&#8221; show_comments=&#8221;on&#8221; _builder_version=&#8221;4.4.8&#8243; use_border_color=&#8221;off&#8221; border_color=&#8221;#ffffff&#8221; border_width=&#8221;1px&#8221; border_style=&#8221;solid&#8221; use_dropshadow=&#8221;off&#8221;][\/et_pb_blog][\/et_pb_column][\/et_pb_row][\/et_pb_section]<\/p>\n","protected":false},"excerpt":{"rendered":"<p>Applications IoT M2M\u00a0Depuis 15 ans l&#8217;IoT nous aide \u00e0 mieux g\u00e9rer nos ressources Vous avez un projet ? Contactez -nous. SANTELocalisation de mat\u00e9riels, de patients, bouton d&#8217;appel, prise de m\u00e9dicaments Je clique INDUSTRIEG\u00e9olocalisation d&#8217;\u00e9quipements, maintenance, acc\u00e9s distant Je clique BATIMENTChauffage, climatisation, pr\u00e9sence, \u00e9nergie, alerte maintenance Je clique TRANSPORTVol de cat\u00e9naire, fermeture des passages \u00e0 niveau, [&hellip;]<\/p>\n","protected":false},"author":1,"featured_media":0,"parent":0,"menu_order":0,"comment_status":"closed","ping_status":"closed","template":"","meta":{"_et_pb_use_builder":"on","_et_pb_old_content":"<!-- wp:paragraph -->\n<p>This is an example page. It's different from a blog post because it will stay in one place and will show up in your site navigation (in most themes). Most people start with an About page that introduces them to potential site visitors. It might say something like this:<\/p>\n<!-- \/wp:paragraph -->\n\n<!-- wp:quote -->\n<blockquote class=\"wp-block-quote\"><p>Hi there! I'm a bike messenger by day, aspiring actor by night, and this is my website. I live in Los Angeles, have a great dog named Jack, and I like pi\u00f1a coladas. (And gettin' caught in the rain.)<\/p><\/blockquote>\n<!-- \/wp:quote -->\n\n<!-- wp:paragraph -->\n<p>...or something like this:<\/p>\n<!-- \/wp:paragraph -->\n\n<!-- wp:quote -->\n<blockquote class=\"wp-block-quote\"><p>The XYZ Doohickey Company was founded in 1971, and has been providing quality doohickeys to the public ever since. Located in Gotham City, XYZ employs over 2,000 people and does all kinds of awesome things for the Gotham community.<\/p><\/blockquote>\n<!-- \/wp:quote -->\n\n<!-- wp:paragraph -->\n<p>As a new WordPress user, you should go to <a href=\"http:\/\/www.airicom.capteranalyser.fr\/blog\/wp-admin\/\">your dashboard<\/a> to delete this page and create new pages for your content. Have fun!<\/p>\n<!-- \/wp:paragraph -->","_et_gb_content_width":"","footnotes":""},"class_list":["post-29121","page","type-page","status-publish","hentry"],"yoast_head":"<!-- This site is optimized with the Yoast SEO Premium plugin v25.7.1 (Yoast SEO v26.2) - https:\/\/yoast.com\/wordpress\/plugins\/seo\/ -->\n<title>Applications IoT et M2M - Airicom - Expert IoT et M2M depuis plus de 20 ans<\/title>\n<meta name=\"robots\" content=\"index, follow, max-snippet:-1, max-image-preview:large, max-video-preview:-1\" \/>\n<link rel=\"canonical\" href=\"https:\/\/www.airicom.com\/blog\/nos-realisations-iot\/\" \/>\n<meta name=\"twitter:card\" content=\"summary_large_image\" \/>\n<meta name=\"twitter:title\" content=\"Applications IoT et M2M - Airicom - Expert IoT et M2M depuis plus de 20 ans\" \/>\n<meta name=\"twitter:description\" content=\"Applications IoT M2M\u00a0Depuis 15 ans l&#8217;IoT nous aide \u00e0 mieux g\u00e9rer nos ressources Vous avez un projet ? Contactez -nous. SANTELocalisation de mat\u00e9riels, de patients, bouton d&#8217;appel, prise de m\u00e9dicaments Je clique INDUSTRIEG\u00e9olocalisation d&#8217;\u00e9quipements, maintenance, acc\u00e9s distant Je clique BATIMENTChauffage, climatisation, pr\u00e9sence, \u00e9nergie, alerte maintenance Je clique TRANSPORTVol de cat\u00e9naire, fermeture des passages \u00e0 niveau, [&hellip;]\" \/>\n<meta name=\"twitter:site\" content=\"@airicom3\" \/>\n<meta name=\"twitter:label1\" content=\"Dur\u00e9e de lecture estim\u00e9e\" \/>\n\t<meta name=\"twitter:data1\" content=\"9 minutes\" \/>\n<script type=\"application\/ld+json\" class=\"yoast-schema-graph\">{\"@context\":\"https:\/\/schema.org\",\"@graph\":[{\"@type\":\"WebPage\",\"@id\":\"https:\/\/www.airicom.com\/blog\/nos-realisations-iot\/\",\"url\":\"https:\/\/www.airicom.com\/blog\/nos-realisations-iot\/\",\"name\":\"Applications IoT et M2M - Airicom - Expert IoT et M2M depuis plus de 20 ans\",\"isPartOf\":{\"@id\":\"https:\/\/www.airicom.com\/blog\/#website\"},\"datePublished\":\"2020-04-15T15:28:52+00:00\",\"dateModified\":\"2021-11-24T15:08:31+00:00\",\"breadcrumb\":{\"@id\":\"https:\/\/www.airicom.com\/blog\/nos-realisations-iot\/#breadcrumb\"},\"inLanguage\":\"fr-FR\",\"potentialAction\":[{\"@type\":\"ReadAction\",\"target\":[\"https:\/\/www.airicom.com\/blog\/nos-realisations-iot\/\"]}]},{\"@type\":\"BreadcrumbList\",\"@id\":\"https:\/\/www.airicom.com\/blog\/nos-realisations-iot\/#breadcrumb\",\"itemListElement\":[{\"@type\":\"ListItem\",\"position\":1,\"name\":\"Accueil\",\"item\":\"https:\/\/www.airicom.com\/blog\/\"},{\"@type\":\"ListItem\",\"position\":2,\"name\":\"Applications IoT et M2M\"}]},{\"@type\":\"WebSite\",\"@id\":\"https:\/\/www.airicom.com\/blog\/#website\",\"url\":\"https:\/\/www.airicom.com\/blog\/\",\"name\":\"Airicom - Expert IoT et M2M depuis plus de 20 ans\",\"description\":\"Airicom - Expert IoT et M2M depuis plus de 20 ans\",\"publisher\":{\"@id\":\"https:\/\/www.airicom.com\/blog\/#organization\"},\"potentialAction\":[{\"@type\":\"SearchAction\",\"target\":{\"@type\":\"EntryPoint\",\"urlTemplate\":\"https:\/\/www.airicom.com\/blog\/?s={search_term_string}\"},\"query-input\":{\"@type\":\"PropertyValueSpecification\",\"valueRequired\":true,\"valueName\":\"search_term_string\"}}],\"inLanguage\":\"fr-FR\"},{\"@type\":\"Organization\",\"@id\":\"https:\/\/www.airicom.com\/blog\/#organization\",\"name\":\"Airicom - Expert IoT et M2M depuis plus de 20 ans\",\"url\":\"https:\/\/www.airicom.com\/blog\/\",\"logo\":{\"@type\":\"ImageObject\",\"inLanguage\":\"fr-FR\",\"@id\":\"https:\/\/www.airicom.com\/blog\/#\/schema\/logo\/image\/\",\"url\":\"https:\/\/airicom.com\/blog\/wp-content\/uploads\/2020\/04\/logo-airicom-2020-200.jpg\",\"contentUrl\":\"https:\/\/airicom.com\/blog\/wp-content\/uploads\/2020\/04\/logo-airicom-2020-200.jpg\",\"width\":200,\"height\":37,\"caption\":\"Airicom - Expert IoT et M2M depuis plus de 20 ans\"},\"image\":{\"@id\":\"https:\/\/www.airicom.com\/blog\/#\/schema\/logo\/image\/\"},\"sameAs\":[\"https:\/\/x.com\/airicom3\",\"https:\/\/www.linkedin.com\/company\/airicom\/\",\"https:\/\/www.youtube.com\/channel\/UCcgCGMQdXFmPMTtJ_4bQQ6A\"]}]}<\/script>\n<!-- \/ Yoast SEO Premium plugin. -->","yoast_head_json":{"title":"Applications IoT et M2M - Airicom - Expert IoT et M2M depuis plus de 20 ans","robots":{"index":"index","follow":"follow","max-snippet":"max-snippet:-1","max-image-preview":"max-image-preview:large","max-video-preview":"max-video-preview:-1"},"canonical":"https:\/\/www.airicom.com\/blog\/nos-realisations-iot\/","twitter_card":"summary_large_image","twitter_title":"Applications IoT et M2M - Airicom - Expert IoT et M2M depuis plus de 20 ans","twitter_description":"Applications IoT M2M\u00a0Depuis 15 ans l&#8217;IoT nous aide \u00e0 mieux g\u00e9rer nos ressources Vous avez un projet ? Contactez -nous. SANTELocalisation de mat\u00e9riels, de patients, bouton d&#8217;appel, prise de m\u00e9dicaments Je clique INDUSTRIEG\u00e9olocalisation d&#8217;\u00e9quipements, maintenance, acc\u00e9s distant Je clique BATIMENTChauffage, climatisation, pr\u00e9sence, \u00e9nergie, alerte maintenance Je clique TRANSPORTVol de cat\u00e9naire, fermeture des passages \u00e0 niveau, [&hellip;]","twitter_site":"@airicom3","twitter_misc":{"Dur\u00e9e de lecture estim\u00e9e":"9 minutes"},"schema":{"@context":"https:\/\/schema.org","@graph":[{"@type":"WebPage","@id":"https:\/\/www.airicom.com\/blog\/nos-realisations-iot\/","url":"https:\/\/www.airicom.com\/blog\/nos-realisations-iot\/","name":"Applications IoT et M2M - Airicom - Expert IoT et M2M depuis plus de 20 ans","isPartOf":{"@id":"https:\/\/www.airicom.com\/blog\/#website"},"datePublished":"2020-04-15T15:28:52+00:00","dateModified":"2021-11-24T15:08:31+00:00","breadcrumb":{"@id":"https:\/\/www.airicom.com\/blog\/nos-realisations-iot\/#breadcrumb"},"inLanguage":"fr-FR","potentialAction":[{"@type":"ReadAction","target":["https:\/\/www.airicom.com\/blog\/nos-realisations-iot\/"]}]},{"@type":"BreadcrumbList","@id":"https:\/\/www.airicom.com\/blog\/nos-realisations-iot\/#breadcrumb","itemListElement":[{"@type":"ListItem","position":1,"name":"Accueil","item":"https:\/\/www.airicom.com\/blog\/"},{"@type":"ListItem","position":2,"name":"Applications IoT et M2M"}]},{"@type":"WebSite","@id":"https:\/\/www.airicom.com\/blog\/#website","url":"https:\/\/www.airicom.com\/blog\/","name":"Airicom - Expert IoT et M2M depuis plus de 20 ans","description":"Airicom - Expert IoT et M2M depuis plus de 20 ans","publisher":{"@id":"https:\/\/www.airicom.com\/blog\/#organization"},"potentialAction":[{"@type":"SearchAction","target":{"@type":"EntryPoint","urlTemplate":"https:\/\/www.airicom.com\/blog\/?s={search_term_string}"},"query-input":{"@type":"PropertyValueSpecification","valueRequired":true,"valueName":"search_term_string"}}],"inLanguage":"fr-FR"},{"@type":"Organization","@id":"https:\/\/www.airicom.com\/blog\/#organization","name":"Airicom - Expert IoT et M2M depuis plus de 20 ans","url":"https:\/\/www.airicom.com\/blog\/","logo":{"@type":"ImageObject","inLanguage":"fr-FR","@id":"https:\/\/www.airicom.com\/blog\/#\/schema\/logo\/image\/","url":"https:\/\/airicom.com\/blog\/wp-content\/uploads\/2020\/04\/logo-airicom-2020-200.jpg","contentUrl":"https:\/\/airicom.com\/blog\/wp-content\/uploads\/2020\/04\/logo-airicom-2020-200.jpg","width":200,"height":37,"caption":"Airicom - Expert IoT et M2M depuis plus de 20 ans"},"image":{"@id":"https:\/\/www.airicom.com\/blog\/#\/schema\/logo\/image\/"},"sameAs":["https:\/\/x.com\/airicom3","https:\/\/www.linkedin.com\/company\/airicom\/","https:\/\/www.youtube.com\/channel\/UCcgCGMQdXFmPMTtJ_4bQQ6A"]}]}},"_links":{"self":[{"href":"https:\/\/www.airicom.com\/blog\/wp-json\/wp\/v2\/pages\/29121","targetHints":{"allow":["GET"]}}],"collection":[{"href":"https:\/\/www.airicom.com\/blog\/wp-json\/wp\/v2\/pages"}],"about":[{"href":"https:\/\/www.airicom.com\/blog\/wp-json\/wp\/v2\/types\/page"}],"author":[{"embeddable":true,"href":"https:\/\/www.airicom.com\/blog\/wp-json\/wp\/v2\/users\/1"}],"replies":[{"embeddable":true,"href":"https:\/\/www.airicom.com\/blog\/wp-json\/wp\/v2\/comments?post=29121"}],"version-history":[{"count":5,"href":"https:\/\/www.airicom.com\/blog\/wp-json\/wp\/v2\/pages\/29121\/revisions"}],"predecessor-version":[{"id":32081,"href":"https:\/\/www.airicom.com\/blog\/wp-json\/wp\/v2\/pages\/29121\/revisions\/32081"}],"wp:attachment":[{"href":"https:\/\/www.airicom.com\/blog\/wp-json\/wp\/v2\/media?parent=29121"}],"curies":[{"name":"wp","href":"https:\/\/api.w.org\/{rel}","templated":true}]}}